{"id":157,"date":"2019-03-25T16:34:57","date_gmt":"2019-03-25T16:34:57","guid":{"rendered":"http:\/\/ideen-im-team.de\/?page_id=157"},"modified":"2019-03-25T18:47:31","modified_gmt":"2019-03-25T18:47:31","slug":"automatisch-gespeicherter-entwurf","status":"publish","type":"page","link":"https:\/\/ideen-im-team.de\/?page_id=157","title":{"rendered":"Impressum"},"content":{"rendered":"\n<p><strong>Ideen im Team &#8211; Privatinitiative f\u00fcr soziale Projekte <\/strong><br>\n<strong>mit Kindern und Jugendlichen (Non Profit)<\/strong><br>\nFaruk S\u00fcren, Martin Pfennigschmidt<br>\nHamburger Stra\u00dfe 129<br>\n22083 Hamburg<\/p>\n\n\n\n<p>Telefon: 040 &#8211; 42863 &#8211; 7015<br> E-Mail:<strong><a href=\"mailto:faruk.sueren@ideen-im-team.de\">faruk.sueren@ideen-im-team.de<\/a><\/strong><\/p>\n\n\n\n<p><strong>Hinweis gem\u00e4\u00df Online-Streitbeilegungs-Verordnung<\/strong><br>\nNach geltendem Recht sind wir verpflichtet, Verbraucher auf die Existenz der\nEurop\u00e4ischen Online-Streitbeilegungs-Plattform hinzuweisen, die f\u00fcr die\nBeilegung von Streitigkeiten genutzt werden kann, ohne dass ein Gericht\neingeschaltet werden muss. F\u00fcr die Einrichtung der Plattform ist die\nEurop\u00e4ische Kommission zust\u00e4ndig. Die Europ\u00e4ische\nOnline-Streitbeilegungs-Plattform ist hier zu finden: http:\/\/ec.europa.eu\/odr.\nUnsere E-Mail lautet: <a href=\"mailto:faruk.sueren@ideen-im-team.de\">faruk.sueren@ideen-im-team.de<\/a>\n<\/p>\n\n\n\n<p>Wir weisen aber darauf hin, dass wir nicht bereit sind, uns am\nStreitbeilegungsverfahren im Rahmen der Europ\u00e4ischen Online-Streitbeilegungs-Plattform\nzu beteiligen. Nutzen Sie zur Kontaktaufnahme bitte unsere obige E-Mail und\nTelefonnummer.<\/p>\n\n\n\n<p><a href=\"http:\/\/martin.pfennigschmidt.net\/datenschutzerklaerung\/\">Datenschutz<\/a><\/p>\n","protected":false},"excerpt":{"rendered":"<p>Ideen im Team &#8211; Privatinitiative f\u00fcr soziale Projekte mit Kindern und Jugendlichen (Non Profit) Faruk S\u00fcren, Martin Pfennigschmidt Hamburger Stra\u00dfe 129 22083 Hamburg Telefon: 040 &#8211; 42863 &#8211; 7015 E-Mail:faruk.sueren@ideen-im-team.de Hinweis gem\u00e4\u00df Online-Streitbeilegungs-Verordnung Nach geltendem Recht sind wir verpflichtet, Verbraucher auf die Existenz der Europ\u00e4ischen Online-Streitbeilegungs-Plattform hinzuweisen, die f\u00fcr die<a class=\"moretag\" href=\"https:\/\/ideen-im-team.de\/?page_id=157\"> Weiterlesen<\/a><\/p>\n","protected":false},"author":1,"featured_media":0,"parent":0,"menu_order":0,"comment_status":"closed","ping_status":"closed","template":"","meta":{"footnotes":""},"class_list":["post-157","page","type-page","status-publish","hentry"],"_links":{"self":[{"href":"https:\/\/ideen-im-team.de\/index.php?rest_route=\/wp\/v2\/pages\/157","targetHints":{"allow":["GET"]}}],"collection":[{"href":"https:\/\/ideen-im-team.de\/index.php?rest_route=\/wp\/v2\/pages"}],"about":[{"href":"https:\/\/ideen-im-team.de\/index.php?rest_route=\/wp\/v2\/types\/page"}],"author":[{"embeddable":true,"href":"https:\/\/ideen-im-team.de\/index.php?rest_route=\/wp\/v2\/users\/1"}],"replies":[{"embeddable":true,"href":"https:\/\/ideen-im-team.de\/index.php?rest_route=%2Fwp%2Fv2%2Fcomments&post=157"}],"version-history":[{"count":4,"href":"https:\/\/ideen-im-team.de\/index.php?rest_route=\/wp\/v2\/pages\/157\/revisions"}],"predecessor-version":[{"id":163,"href":"https:\/\/ideen-im-team.de\/index.php?rest_route=\/wp\/v2\/pages\/157\/revisions\/163"}],"wp:attachment":[{"href":"https:\/\/ideen-im-team.de\/index.php?rest_route=%2Fwp%2Fv2%2Fmedia&parent=157"}],"curies":[{"name":"wp","href":"https:\/\/api.w.org\/{rel}","templated":true}]}}