{"id":315,"date":"2021-07-24T16:17:14","date_gmt":"2021-07-24T16:17:14","guid":{"rendered":"http:\/\/ideen-im-team.de\/?page_id=315"},"modified":"2021-10-12T12:32:34","modified_gmt":"2021-10-12T12:32:34","slug":"hilfe-fuer-ueberschwemmungsopfer","status":"publish","type":"page","link":"https:\/\/ideen-im-team.de\/?page_id=315","title":{"rendered":"Hilfe f\u00fcr \u00dcberschwemmungsopfer"},"content":{"rendered":"<h3><strong>Den Flutopfern helfen<\/strong><\/h3>\n<p><strong> <img loading=\"lazy\" decoding=\"async\" src=\"http:\/\/ideen-im-team.de\/wp-content\/uploads\/2021\/07\/high-water-123219_1920-Cut-1024x556.jpg\" alt=\"\" class=\"alignnone wp-image-316 size-large\" width=\"750\" height=\"407\" srcset=\"https:\/\/ideen-im-team.de\/wp-content\/uploads\/2021\/07\/high-water-123219_1920-Cut-1024x556.jpg 1024w, https:\/\/ideen-im-team.de\/wp-content\/uploads\/2021\/07\/high-water-123219_1920-Cut-300x163.jpg 300w, https:\/\/ideen-im-team.de\/wp-content\/uploads\/2021\/07\/high-water-123219_1920-Cut-768x417.jpg 768w, https:\/\/ideen-im-team.de\/wp-content\/uploads\/2021\/07\/high-water-123219_1920-Cut-1536x834.jpg 1536w, https:\/\/ideen-im-team.de\/wp-content\/uploads\/2021\/07\/high-water-123219_1920-Cut.jpg 1920w\" sizes=\"auto, (max-width: 750px) 100vw, 750px\" \/><\/strong><\/p>\n<p><span style=\"color: #000000;\"><strong>Computer Recyclen &#8211; Wie alles entstanden ist:<\/strong><\/span><\/p>\n<p><span style=\"color: #000000;\">ich denke, <strong>\u201eWIR ALLE\u201c<\/strong> haben die Bilder aus den \u00fcberfluteten Gebieten im S\u00fcden unserer Republik gesehen. Die Ausma\u00dfe der \u00dcberflutungen sind schockierend, die Schicksale hinter den Bildern, die wir sehen, nur zu erahnen.<\/span><\/p>\n<p><span style=\"color: #000000;\">Das einzige, was echt positiv ist, sind die Bilder von den Menschen, die dort vor Ort helfen. Viele dieser Leute stampfen durch kn\u00f6cheltiefen Schlamm und Dreck, um zu helfen.<\/span><\/p>\n<p><span style=\"color: #000000;\">Vor all diesen Helferinnen und Helfern ziehen <strong>\u201eWIR\u201c<\/strong> den Hut und k\u00f6nnen nur unseren tiefsten <strong>RESPEKT<\/strong> und <strong>DANK<\/strong> zollen.<\/span><\/p>\n<p><span style=\"color: #000000;\"><strong>WIR von Ideen-im-Team sagen aus tiefstem HERZEN vielen, vielen DANK!!!<\/strong><\/span><\/p>\n<p><span style=\"color: #000000;\">Nat\u00fcrlich wollen und werden auch wir von Ideen-im-Team auf unsere Art und Weise helfen!!!<\/span><\/p>\n<p><span style=\"color: #000000;\">Gerade mit dem Wissen, dass wir immer sehr viel Unterst\u00fctzung f\u00fcr unsere Projekte und Weltrekorde von unseren Freundinnen und Freunden aus Baden W\u00fcrttemberg erhalten haben. Nun k\u00f6nnen und sollten wir auch etwas f\u00fcr die jahrelange Unterst\u00fctzung aus dem S\u00fcden, f\u00fcr unserer Projekte im Norden zur\u00fcckgeben.<\/span><\/p>\n<p><span style=\"color: #000000;\">Wir ziehen unsere diesj\u00e4hrige Herbst-Challenge, <strong>\u201edie erste deutsche Meisterschaft in sozialen Computer-Recycling\u201c<\/strong>, vor und starten dieses Wochenende.<\/span><\/p>\n<p><span style=\"color: #000000;\"><img loading=\"lazy\" decoding=\"async\" src=\"http:\/\/ideen-im-team.de\/wp-content\/uploads\/2021\/07\/1.-deutsche-MeisterschaftChollage-1024x1024.jpg\" alt=\"\" class=\"alignnone wp-image-312 size-large\" width=\"750\" height=\"750\" srcset=\"https:\/\/ideen-im-team.de\/wp-content\/uploads\/2021\/07\/1.-deutsche-MeisterschaftChollage-1024x1024.jpg 1024w, https:\/\/ideen-im-team.de\/wp-content\/uploads\/2021\/07\/1.-deutsche-MeisterschaftChollage-300x300.jpg 300w, https:\/\/ideen-im-team.de\/wp-content\/uploads\/2021\/07\/1.-deutsche-MeisterschaftChollage-150x150.jpg 150w, https:\/\/ideen-im-team.de\/wp-content\/uploads\/2021\/07\/1.-deutsche-MeisterschaftChollage-768x768.jpg 768w, https:\/\/ideen-im-team.de\/wp-content\/uploads\/2021\/07\/1.-deutsche-MeisterschaftChollage-1536x1536.jpg 1536w, https:\/\/ideen-im-team.de\/wp-content\/uploads\/2021\/07\/1.-deutsche-MeisterschaftChollage.jpg 2048w\" sizes=\"auto, (max-width: 750px) 100vw, 750px\" \/><\/span><\/p>\n<p><span style=\"color: #000000;\">Unser <strong>Stoff-Masken Weltrekord-Projekt<\/strong> geht nat\u00fcrlich weiter, ruht aber zum gr\u00f6\u00dften Teil wegen der Schulferien noch mindestens 3-4 Wochen.<\/span><\/p>\n<p><span style=\"color: #000000;\">In dieser Zeit m\u00f6chten auch <strong>\u201eWIR\u201c<\/strong> die \u00c4rmel hochkrempeln und den Flutopfern helfen.<\/span><\/p>\n<p><span style=\"color: #000000;\">Hierzu suchen wir nun Zweierteams, die gemeinsam einen von uns zur Verf\u00fcgung gestellten Computer komplett auseinander schrauben\/zerlegen!<\/span><\/p>\n<p><span style=\"color: #000000;\">Wir von Ideen-im-Team stoppen die Zeit, wie lange dieses Team braucht, den Computer komplett in seine Einzelteile zu zerlegen.<\/span><\/p>\n<p><span style=\"color: #000000;\">Die zehn schnellsten Teams mit den besten Zeiten, kommen dann ins Finale und m\u00fcssen dann gegeneinander antreten.<\/span><\/p>\n<p><span style=\"color: #000000;\">Das Gewinner-Team des Finales ist dann <strong>\u201e1. Deutscher Meister im sozialen Computer-Recycling\u201c! <\/strong><\/span><\/p>\n<p><span style=\"color: #000000;\">Neben dem Titel erhalten die Teams der ersten <strong>3 Pl\u00e4tze<\/strong> je einen Pokal und eine Urkunde von unserer Challenge.<\/span><\/p>\n<p><span style=\"color: #000000;\">Alle Teilnehmerinnen und Teilnehmer sind aufgefordert je <strong>10 Euro Startgeld<\/strong> zu zahlen. Ideen-im-Team kann f\u00fcr diese Challenge mindestens 70 gleiche Computer zur Verf\u00fcgung stellen, sodass <strong>\u201eALLE\u201c Teams <\/strong>dieselben Voraussetzungen im Wettbewerb haben.<\/span><\/p>\n<p><span style=\"color: #000000;\"><strong>Wie immer, werden wir ALLE Antrittsgelder und den Erl\u00f6s aus dem recycelten \u201eComputer-Schrott\u201c zu 100% an eine oder mehrere \u201eEinrichtung\/Organisation\/Projekte\u201c spenden. <\/strong><\/span><\/p>\n<p><span style=\"color: #000000;\">Ein genaues Video zu der Challenge, wie diese Computer zerlegt werden sollen\/m\u00fcssen, stellen wir am Wochenende ins Netz.<\/span><\/p>\n<p><span style=\"color: #000000;\">Bitte meldet EUCH bei mir (<a href=\"mailto:faruk.sueren@ideen-im-team.de\" style=\"color: #000000;\">faruk.sueren@ideen-im-team.de<\/a>) an und lasst uns ein Termin vereinbaren, wo ich mit einem Computer und dem ben\u00f6tigten Werkzeug zu Euch komme oder Ihr besucht uns hier bei uns. Wir\/ich stoppen dann die Zeit und stellen jedes Ergebnis mit einem Team-Foto auf unsere Facebook Seite von Ideen-im-Team.<\/span><\/p>\n<p><span style=\"color: #000000;\"><strong>Lasst uns gemeinsam Spa\u00df haben und dabei gemeinsam kreativ den Flutopfern helfen!<\/strong><\/span><\/p>\n<p>&nbsp;<\/p>\n<p><strong>&#8222;\u00c4\u00e4h, ich hab da mal `ne Frage!&#8220; &#8230;<\/strong><\/p>\n<ul>\n<li><span style=\"color: #000000;\">Was passiert eigentlich mit den Datentr\u00e4gern der gespendeten Computer f\u00fcr die Challenge? <\/span><\/li>\n<li><span style=\"color: #000000;\">Wie ist es mit dem Datenschutz?<\/span><\/li>\n<\/ul>\n<p><span style=\"color: #000000;\">Schaut euch diese Seite an. Hier zeigen wir genau, was mit den gespendeten Festplatten passiert und wie Eure Privatsph\u00e4re 100 Prozentig gewahrt bleibt.<\/span><\/p>\n<p><span style=\"color: #000000;\"><a href=\"http:\/\/ideen-im-team.de\/?page_id=322\" style=\"color: #000000;\"><strong><span style=\"color: #0000ff;\"><em>Heute wird geschreddert.<\/em><\/span><\/strong><\/a><\/span><\/p>\n<p><strong>Weitere Informationen finden Sie auch auf unserer Facebook Seite:<\/strong><br \/>\n<strong><a href=\"https:\/\/www.facebook.com\/ideen.im.team\/\" target=\"_blank\" rel=\"noopener noreferrer\">https:\/\/www.facebook.com\/ideen.im.team\/<\/a><\/strong><\/p>\n<p><span style=\"color: #000000;\"><strong>Liebe Gr\u00fc\u00dfe,<\/strong><\/span><\/p>\n<p><span style=\"color: #000000;\"><strong>Euer Faruk S\u00fcren<\/strong><\/span><\/p>\n<p><span style=\"color: #000000;\"><strong>Ideen-im-Team<\/strong><\/span><\/p>\n","protected":false},"excerpt":{"rendered":"<p>Den Flutopfern helfen Computer Recyclen &#8211; Wie alles entstanden ist: ich denke, \u201eWIR ALLE\u201c haben die Bilder aus den \u00fcberfluteten Gebieten im S\u00fcden unserer Republik gesehen. Die Ausma\u00dfe der \u00dcberflutungen sind schockierend, die Schicksale hinter den Bildern, die wir sehen, nur zu erahnen. Das einzige, was echt positiv ist, sind<a class=\"moretag\" href=\"https:\/\/ideen-im-team.de\/?page_id=315\"> Weiterlesen<\/a><\/p>\n","protected":false},"author":1,"featured_media":0,"parent":0,"menu_order":0,"comment_status":"closed","ping_status":"closed","template":"","meta":{"footnotes":""},"class_list":["post-315","page","type-page","status-publish","hentry"],"_links":{"self":[{"href":"https:\/\/ideen-im-team.de\/index.php?rest_route=\/wp\/v2\/pages\/315","targetHints":{"allow":["GET"]}}],"collection":[{"href":"https:\/\/ideen-im-team.de\/index.php?rest_route=\/wp\/v2\/pages"}],"about":[{"href":"https:\/\/ideen-im-team.de\/index.php?rest_route=\/wp\/v2\/types\/page"}],"author":[{"embeddable":true,"href":"https:\/\/ideen-im-team.de\/index.php?rest_route=\/wp\/v2\/users\/1"}],"replies":[{"embeddable":true,"href":"https:\/\/ideen-im-team.de\/index.php?rest_route=%2Fwp%2Fv2%2Fcomments&post=315"}],"version-history":[{"count":15,"href":"https:\/\/ideen-im-team.de\/index.php?rest_route=\/wp\/v2\/pages\/315\/revisions"}],"predecessor-version":[{"id":370,"href":"https:\/\/ideen-im-team.de\/index.php?rest_route=\/wp\/v2\/pages\/315\/revisions\/370"}],"wp:attachment":[{"href":"https:\/\/ideen-im-team.de\/index.php?rest_route=%2Fwp%2Fv2%2Fmedia&parent=315"}],"curies":[{"name":"wp","href":"https:\/\/api.w.org\/{rel}","templated":true}]}}