{"id":322,"date":"2021-07-24T16:27:51","date_gmt":"2021-07-24T16:27:51","guid":{"rendered":"http:\/\/ideen-im-team.de\/?page_id=322"},"modified":"2021-08-02T19:23:35","modified_gmt":"2021-08-02T19:23:35","slug":"sicherheit-fuer-die-grosszuegigen-spender-der-altgeraete","status":"publish","type":"page","link":"https:\/\/ideen-im-team.de\/?page_id=322","title":{"rendered":"Sicherheit f\u00fcr die gro\u00dfz\u00fcgigen Spender der Altger\u00e4te"},"content":{"rendered":"<p><span style=\"color: #000000;\"><strong>Besuch im S\u00fcden Hamburgs<\/strong><\/span><\/p>\n<p><span style=\"color: #000000;\">Heute waren wir mit einer Wagenladung ausgebauter Festplatten in einer Verwertungsfirma im S\u00fcden Hamburgs. Diese Fachleute halfen uns dabei, die wesentlich zu sch\u00fctzenden Daten auf den Festplatten professionell zu entsorgen. Normalerweise kostet so eine Aktion 200 Euro.<\/span><\/p>\n<p><span style=\"color: #000000;\">Aber die Chefetage von der Firma <strong><a href=\"https:\/\/www.ern-gmbh.de\/\" target=\"_blank\" rel=\"noopener\">E.R.N. Elektro-Recycling NORD GmbH<\/a><\/strong> hat uns:<\/span><\/p>\n<p><span style=\"color: #000000;\"><strong>Erstens:<\/strong><\/span><br \/>\n<span style=\"color: #000000;\">Nichts berechnet!<\/span><\/p>\n<p><span style=\"color: #000000;\"><strong>Zweitens:<\/strong><\/span><br \/>\n<span style=\"color: #000000;\">Uns erlaubt, auf dem Firmengel\u00e4nde zu filmen, um Euch den Prozess der Verwertung, n\u00e4mlich das vollst\u00e4ndige Schreddern der Festplatten zeigen zu k\u00f6nnen!<\/span><\/p>\n<p><span style=\"color: #000000;\">Vielen Dank daf\u00fcr! Hier unser kleiner Film und die ersten Bilder. <\/span><\/p>\n<p><iframe loading=\"lazy\" title=\"Schreddern im S\u00fcden II\" width=\"750\" height=\"422\" src=\"https:\/\/www.youtube.com\/embed\/kWUpknHUZKA?feature=oembed\" frameborder=\"0\" allow=\"accelerometer; autoplay; clipboard-write; encrypted-media; gyroscope; picture-in-picture\" allowfullscreen><\/iframe><\/p>\n<p>&nbsp;<\/p>\n<p><img loading=\"lazy\" decoding=\"async\" src=\"http:\/\/ideen-im-team.de\/wp-content\/uploads\/2021\/07\/1-225x300.jpg\" alt=\"\" class=\"size-medium wp-image-333 alignnone\" width=\"225\" height=\"300\" srcset=\"https:\/\/ideen-im-team.de\/wp-content\/uploads\/2021\/07\/1-225x300.jpg 225w, https:\/\/ideen-im-team.de\/wp-content\/uploads\/2021\/07\/1-768x1024.jpg 768w, https:\/\/ideen-im-team.de\/wp-content\/uploads\/2021\/07\/1-1152x1536.jpg 1152w, https:\/\/ideen-im-team.de\/wp-content\/uploads\/2021\/07\/1.jpg 1536w\" sizes=\"auto, (max-width: 225px) 100vw, 225px\" \/> \u00a0\u00a0\u00a0 \u00a0 \u00a0 \u00a0 \u00a0 \u00a0 \u00a0\u00a0 \u00a0 <img loading=\"lazy\" decoding=\"async\" src=\"http:\/\/ideen-im-team.de\/wp-content\/uploads\/2021\/07\/2-225x300.jpg\" alt=\"\" class=\"alignnone size-medium wp-image-334\" width=\"225\" height=\"300\" srcset=\"https:\/\/ideen-im-team.de\/wp-content\/uploads\/2021\/07\/2-225x300.jpg 225w, https:\/\/ideen-im-team.de\/wp-content\/uploads\/2021\/07\/2-768x1024.jpg 768w, https:\/\/ideen-im-team.de\/wp-content\/uploads\/2021\/07\/2-1152x1536.jpg 1152w, https:\/\/ideen-im-team.de\/wp-content\/uploads\/2021\/07\/2.jpg 1536w\" sizes=\"auto, (max-width: 225px) 100vw, 225px\" \/> \u00a0 \u00a0 \u00a0 <img loading=\"lazy\" decoding=\"async\" src=\"http:\/\/ideen-im-team.de\/wp-content\/uploads\/2021\/07\/3-225x300.jpg\" alt=\"\" class=\"alignnone size-medium wp-image-335\" width=\"225\" height=\"300\" srcset=\"https:\/\/ideen-im-team.de\/wp-content\/uploads\/2021\/07\/3-225x300.jpg 225w, https:\/\/ideen-im-team.de\/wp-content\/uploads\/2021\/07\/3-768x1024.jpg 768w, https:\/\/ideen-im-team.de\/wp-content\/uploads\/2021\/07\/3-1152x1536.jpg 1152w, https:\/\/ideen-im-team.de\/wp-content\/uploads\/2021\/07\/3.jpg 1536w\" sizes=\"auto, (max-width: 225px) 100vw, 225px\" \/> \u00a0\u00a0\u00a0\u00a0\u00a0\u00a0\u00a0\u00a0\u00a0 \u00a0 \u00a0 \u00a0\u00a0 \u00a0 <img loading=\"lazy\" decoding=\"async\" src=\"http:\/\/ideen-im-team.de\/wp-content\/uploads\/2021\/07\/4-225x300.jpg\" alt=\"\" class=\"alignnone size-medium wp-image-336\" width=\"225\" height=\"300\" srcset=\"https:\/\/ideen-im-team.de\/wp-content\/uploads\/2021\/07\/4-225x300.jpg 225w, https:\/\/ideen-im-team.de\/wp-content\/uploads\/2021\/07\/4-768x1024.jpg 768w, https:\/\/ideen-im-team.de\/wp-content\/uploads\/2021\/07\/4-1152x1536.jpg 1152w, https:\/\/ideen-im-team.de\/wp-content\/uploads\/2021\/07\/4.jpg 1536w\" sizes=\"auto, (max-width: 225px) 100vw, 225px\" \/><img loading=\"lazy\" decoding=\"async\" src=\"http:\/\/ideen-im-team.de\/wp-content\/uploads\/2021\/07\/5-225x300.jpg\" alt=\"\" class=\"alignnone size-medium wp-image-328\" width=\"225\" height=\"300\" srcset=\"https:\/\/ideen-im-team.de\/wp-content\/uploads\/2021\/07\/5-225x300.jpg 225w, https:\/\/ideen-im-team.de\/wp-content\/uploads\/2021\/07\/5-768x1024.jpg 768w, https:\/\/ideen-im-team.de\/wp-content\/uploads\/2021\/07\/5-1152x1536.jpg 1152w, https:\/\/ideen-im-team.de\/wp-content\/uploads\/2021\/07\/5.jpg 1536w\" sizes=\"auto, (max-width: 225px) 100vw, 225px\" \/> \u00a0\u00a0\u00a0\u00a0\u00a0\u00a0\u00a0\u00a0 \u00a0 \u00a0 \u00a0 \u00a0\u00a0\u00a0\u00a0 <img loading=\"lazy\" decoding=\"async\" src=\"http:\/\/ideen-im-team.de\/wp-content\/uploads\/2021\/07\/6-225x300.jpg\" alt=\"\" class=\"alignnone size-medium wp-image-329\" width=\"225\" height=\"300\" srcset=\"https:\/\/ideen-im-team.de\/wp-content\/uploads\/2021\/07\/6-225x300.jpg 225w, https:\/\/ideen-im-team.de\/wp-content\/uploads\/2021\/07\/6-768x1024.jpg 768w, https:\/\/ideen-im-team.de\/wp-content\/uploads\/2021\/07\/6-1152x1536.jpg 1152w, https:\/\/ideen-im-team.de\/wp-content\/uploads\/2021\/07\/6.jpg 1536w\" sizes=\"auto, (max-width: 225px) 100vw, 225px\" \/><img loading=\"lazy\" decoding=\"async\" src=\"http:\/\/ideen-im-team.de\/wp-content\/uploads\/2021\/07\/7-1024x768.jpg\" alt=\"\" class=\"alignnone wp-image-330 size-large\" width=\"750\" height=\"563\" srcset=\"https:\/\/ideen-im-team.de\/wp-content\/uploads\/2021\/07\/7-1024x768.jpg 1024w, https:\/\/ideen-im-team.de\/wp-content\/uploads\/2021\/07\/7-300x225.jpg 300w, https:\/\/ideen-im-team.de\/wp-content\/uploads\/2021\/07\/7-768x576.jpg 768w, https:\/\/ideen-im-team.de\/wp-content\/uploads\/2021\/07\/7-1536x1152.jpg 1536w, https:\/\/ideen-im-team.de\/wp-content\/uploads\/2021\/07\/7.jpg 2048w\" sizes=\"auto, (max-width: 750px) 100vw, 750px\" \/><img loading=\"lazy\" decoding=\"async\" src=\"http:\/\/ideen-im-team.de\/wp-content\/uploads\/2021\/07\/8-768x1024.jpg\" alt=\"\" class=\"alignnone wp-image-331 size-large\" width=\"750\" height=\"1000\" srcset=\"https:\/\/ideen-im-team.de\/wp-content\/uploads\/2021\/07\/8-768x1024.jpg 768w, https:\/\/ideen-im-team.de\/wp-content\/uploads\/2021\/07\/8-225x300.jpg 225w, https:\/\/ideen-im-team.de\/wp-content\/uploads\/2021\/07\/8-1152x1536.jpg 1152w, https:\/\/ideen-im-team.de\/wp-content\/uploads\/2021\/07\/8.jpg 1536w\" sizes=\"auto, (max-width: 750px) 100vw, 750px\" \/><img loading=\"lazy\" decoding=\"async\" src=\"http:\/\/ideen-im-team.de\/wp-content\/uploads\/2021\/07\/9-768x1024.jpg\" alt=\"\" class=\"alignnone wp-image-332 size-large\" width=\"750\" height=\"1000\" srcset=\"https:\/\/ideen-im-team.de\/wp-content\/uploads\/2021\/07\/9-768x1024.jpg 768w, https:\/\/ideen-im-team.de\/wp-content\/uploads\/2021\/07\/9-225x300.jpg 225w, https:\/\/ideen-im-team.de\/wp-content\/uploads\/2021\/07\/9-1152x1536.jpg 1152w, https:\/\/ideen-im-team.de\/wp-content\/uploads\/2021\/07\/9.jpg 1536w\" sizes=\"auto, (max-width: 750px) 100vw, 750px\" \/><\/p>\n<p><strong>Weitere Informationen finden Sie auch auf unserer Facebook Seite:<\/strong><br \/>\n<strong><a href=\"https:\/\/www.facebook.com\/ideen.im.team\/\" target=\"_blank\" rel=\"noopener noreferrer\">https:\/\/www.facebook.com\/ideen.im.team\/<\/a><\/strong><\/p>\n","protected":false},"excerpt":{"rendered":"<p>Besuch im S\u00fcden Hamburgs Heute waren wir mit einer Wagenladung ausgebauter Festplatten in einer Verwertungsfirma im S\u00fcden Hamburgs. Diese Fachleute halfen uns dabei, die wesentlich zu sch\u00fctzenden Daten auf den Festplatten professionell zu entsorgen. Normalerweise kostet so eine Aktion 200 Euro. Aber die Chefetage von der Firma E.R.N. Elektro-Recycling NORD<a class=\"moretag\" href=\"https:\/\/ideen-im-team.de\/?page_id=322\"> Weiterlesen<\/a><\/p>\n","protected":false},"author":1,"featured_media":0,"parent":0,"menu_order":0,"comment_status":"closed","ping_status":"closed","template":"","meta":{"footnotes":""},"class_list":["post-322","page","type-page","status-publish","hentry"],"_links":{"self":[{"href":"https:\/\/ideen-im-team.de\/index.php?rest_route=\/wp\/v2\/pages\/322","targetHints":{"allow":["GET"]}}],"collection":[{"href":"https:\/\/ideen-im-team.de\/index.php?rest_route=\/wp\/v2\/pages"}],"about":[{"href":"https:\/\/ideen-im-team.de\/index.php?rest_route=\/wp\/v2\/types\/page"}],"author":[{"embeddable":true,"href":"https:\/\/ideen-im-team.de\/index.php?rest_route=\/wp\/v2\/users\/1"}],"replies":[{"embeddable":true,"href":"https:\/\/ideen-im-team.de\/index.php?rest_route=%2Fwp%2Fv2%2Fcomments&post=322"}],"version-history":[{"count":15,"href":"https:\/\/ideen-im-team.de\/index.php?rest_route=\/wp\/v2\/pages\/322\/revisions"}],"predecessor-version":[{"id":360,"href":"https:\/\/ideen-im-team.de\/index.php?rest_route=\/wp\/v2\/pages\/322\/revisions\/360"}],"wp:attachment":[{"href":"https:\/\/ideen-im-team.de\/index.php?rest_route=%2Fwp%2Fv2%2Fmedia&parent=322"}],"curies":[{"name":"wp","href":"https:\/\/api.w.org\/{rel}","templated":true}]}}