{"id":380,"date":"2022-03-01T22:46:20","date_gmt":"2022-03-01T22:46:20","guid":{"rendered":"http:\/\/ideen-im-team.de\/?page_id=380"},"modified":"2022-03-02T11:40:58","modified_gmt":"2022-03-02T11:40:58","slug":"hilfe-fuer-die-ukraine","status":"publish","type":"page","link":"https:\/\/ideen-im-team.de\/?page_id=380","title":{"rendered":"Bilder statt Bomben &#8211; Hilfe f\u00fcr die Ukraine!"},"content":{"rendered":"<p><span style=\"color: #000000;\"><strong>Hallo Freunde,<img loading=\"lazy\" decoding=\"async\" src=\"http:\/\/ideen-im-team.de\/wp-content\/uploads\/2022\/03\/banner-7031868_1280-300x200.jpg\" alt=\"\" class=\"size-medium wp-image-383 alignright\" width=\"300\" height=\"200\" srcset=\"https:\/\/ideen-im-team.de\/wp-content\/uploads\/2022\/03\/banner-7031868_1280-300x200.jpg 300w, https:\/\/ideen-im-team.de\/wp-content\/uploads\/2022\/03\/banner-7031868_1280-1024x683.jpg 1024w, https:\/\/ideen-im-team.de\/wp-content\/uploads\/2022\/03\/banner-7031868_1280-768x512.jpg 768w, https:\/\/ideen-im-team.de\/wp-content\/uploads\/2022\/03\/banner-7031868_1280-360x240.jpg 360w, https:\/\/ideen-im-team.de\/wp-content\/uploads\/2022\/03\/banner-7031868_1280.jpg 1280w\" sizes=\"auto, (max-width: 300px) 100vw, 300px\" \/><\/strong><\/span><\/p>\n<p><span style=\"color: #000000;\"><strong>wir ALLE sehen gerade, welches<br \/>\n<\/strong><strong>Unrecht in der Ukraine passiert.<\/strong><\/span><\/p>\n<p><span style=\"color: #000000;\"><strong>Wenn Kinder leiden und vor dem B\u00f6sen fl\u00fcchten m\u00fcssen, m\u00f6chten und werden wir von Ideen-im-Team nicht wegsehen, sondern wie immer in Rahmen unserer M\u00f6glichkeiten versuchen zu helfen.<\/strong><\/span><\/p>\n<p><span style=\"color: #000000;\"><strong>Wie ihr alle wisst, haben wir nur begrenzte M\u00f6glichkeiten, die aber werden wir wieder kreativ voll ausnutzen. <\/strong><\/span><\/p>\n<p><span style=\"color: #000000;\"><strong>Jede Hilfe von EUCH, ist wie immer sehr, sehr herzlich Willkommen!!!<\/strong><\/span><\/p>\n<p><span style=\"color: #000000;\"><strong>\u00a0<\/strong><\/span><\/p>\n<p><span style=\"color: #000000;\"><strong><u>Unsere Idee: <\/u><\/strong><\/span><span style=\"color: #000000;\"><strong><u><img loading=\"lazy\" decoding=\"async\" src=\"http:\/\/ideen-im-team.de\/wp-content\/uploads\/2022\/03\/IMG-20220228-WA0000-300x300.jpg\" alt=\"\" class=\"size-medium wp-image-377 alignright\" width=\"300\" height=\"300\" srcset=\"https:\/\/ideen-im-team.de\/wp-content\/uploads\/2022\/03\/IMG-20220228-WA0000-300x300.jpg 300w, https:\/\/ideen-im-team.de\/wp-content\/uploads\/2022\/03\/IMG-20220228-WA0000-1024x1024.jpg 1024w, https:\/\/ideen-im-team.de\/wp-content\/uploads\/2022\/03\/IMG-20220228-WA0000-150x150.jpg 150w, https:\/\/ideen-im-team.de\/wp-content\/uploads\/2022\/03\/IMG-20220228-WA0000-768x768.jpg 768w, https:\/\/ideen-im-team.de\/wp-content\/uploads\/2022\/03\/IMG-20220228-WA0000-1536x1536.jpg 1536w, https:\/\/ideen-im-team.de\/wp-content\/uploads\/2022\/03\/IMG-20220228-WA0000.jpg 2048w\" sizes=\"auto, (max-width: 300px) 100vw, 300px\" \/><\/u><\/strong><\/span><\/p>\n<h3>BILDER STATT BOMBEN<\/h3>\n<p><span style=\"color: #000000;\"><strong>Jedes Kind (+Familie), welches m\u00f6chte, kann uns (Ideen-im-Team) ein Bild gegen den Krieg oder Motivierendes f\u00fcr die ukrainischen Kinder malen. <\/strong><\/span><\/p>\n<p><span style=\"color: #000000;\"><strong>\u00a0<\/strong><\/span><\/p>\n<p><span style=\"color: #000000;\"><strong>F\u00fcr jedes Bild, dass wir erhalten, werden wir von Ideen-im-Team 30 Cent f\u00fcr\/an eine Organisation spenden, die in der Ukraine Kindern und ihren Familien helfen. Wir hoffen auf 1000 Bilder (=300 Euro Spende). Sollten es 1000 Bilder werden, werden wir die Spendensumme auf 600 Euro verdoppeln.<\/strong><\/span><\/p>\n<p><span style=\"color: #000000;\"><strong>Also macht bitte ALLE mit und malt Eure Bilder gegen den Krieg!!!<\/strong><\/span><\/p>\n<p>&nbsp;<\/p>\n<p><strong><img loading=\"lazy\" decoding=\"async\" src=\"http:\/\/ideen-im-team.de\/wp-content\/uploads\/2022\/03\/Ideen-im-team-Kids2022-1024x917.jpg\" alt=\"\" class=\"alignnone wp-image-379 size-large\" width=\"750\" height=\"672\" srcset=\"https:\/\/ideen-im-team.de\/wp-content\/uploads\/2022\/03\/Ideen-im-team-Kids2022-1024x917.jpg 1024w, https:\/\/ideen-im-team.de\/wp-content\/uploads\/2022\/03\/Ideen-im-team-Kids2022-300x269.jpg 300w, https:\/\/ideen-im-team.de\/wp-content\/uploads\/2022\/03\/Ideen-im-team-Kids2022-768x688.jpg 768w, https:\/\/ideen-im-team.de\/wp-content\/uploads\/2022\/03\/Ideen-im-team-Kids2022.jpg 1179w\" sizes=\"auto, (max-width: 750px) 100vw, 750px\" \/>\u00a0<\/strong><\/p>\n<p><span style=\"color: #000000;\"><strong>Am Ende werden wir alle an uns gesendeten Bilder ausstellen und als Solidarit\u00e4t an die Ukrainische Botschaft in Hamburg \u201e\u00fcbergeben\/senden\u201c.\u00a0 <\/strong><\/span><\/p>\n<p><span style=\"color: #000000;\"><strong>\u00a0<\/strong><\/span><\/p>\n<p><span style=\"color: #000000;\"><strong>Zus\u00e4tzlich veranstalten am 6.03.2022, (von 14.00-17.00 Uhr) unsere Ideen-im-Team Kids unsere \u201eBilder\u201c und \u201eSchrott sei DANK\u201c Sammelaktion in Maschen, wo jede\/r Metall-Schrott, alte Kabel und andere Metalle bei unserem Feuerwehrauto \u201eFlori\u201c (Alter Postweg 118, 21220 Seevetal) abgeben kann.<\/strong><\/span><\/p>\n<p>&nbsp;<\/p>\n<p><strong><img loading=\"lazy\" decoding=\"async\" src=\"http:\/\/ideen-im-team.de\/wp-content\/uploads\/2022\/03\/Schroott-Beispiele-1024x795.jpg\" alt=\"\" class=\"alignnone wp-image-378 size-large\" width=\"750\" height=\"582\" srcset=\"https:\/\/ideen-im-team.de\/wp-content\/uploads\/2022\/03\/Schroott-Beispiele-1024x795.jpg 1024w, https:\/\/ideen-im-team.de\/wp-content\/uploads\/2022\/03\/Schroott-Beispiele-300x233.jpg 300w, https:\/\/ideen-im-team.de\/wp-content\/uploads\/2022\/03\/Schroott-Beispiele-768x596.jpg 768w, https:\/\/ideen-im-team.de\/wp-content\/uploads\/2022\/03\/Schroott-Beispiele-1536x1192.jpg 1536w, https:\/\/ideen-im-team.de\/wp-content\/uploads\/2022\/03\/Schroott-Beispiele.jpg 1599w\" sizes=\"auto, (max-width: 750px) 100vw, 750px\" \/><\/strong><\/p>\n<p><span style=\"color: #000000;\"><strong>Diesen Schrott, werden wir dann an unseren Metall-H\u00e4ndler Thomas Wichern in Stelle verkaufen und den gesamten Erl\u00f6s in den Spenden-Topf unserer Bilderaktion dazugeben. <\/strong><\/span><\/p>\n<p><span style=\"color: #000000;\"><strong>Gerne k\u00f6nnen sich auch Schulklassen an unserer Bilderaktion beteiligen. F\u00fcr die Kinder kann eine aktive Beteiligung und Unterst\u00fctzung in so einer Situation auch eine sinnvolle und gute M\u00f6glichkeit sein, sich mit dem Thema zu besch\u00e4ftigen.<\/strong><\/span><\/p>\n<h3><span style=\"color: #000000;\"><strong>Bilder statt Bomben<\/strong><\/span><\/h3>\n<p><img loading=\"lazy\" decoding=\"async\" src=\"http:\/\/ideen-im-team.de\/wp-content\/uploads\/2022\/03\/Kinderaugen-1024x779.jpg\" alt=\"\" class=\"alignnone wp-image-394 size-large\" width=\"750\" height=\"571\" srcset=\"https:\/\/ideen-im-team.de\/wp-content\/uploads\/2022\/03\/Kinderaugen-1024x779.jpg 1024w, https:\/\/ideen-im-team.de\/wp-content\/uploads\/2022\/03\/Kinderaugen-300x228.jpg 300w, https:\/\/ideen-im-team.de\/wp-content\/uploads\/2022\/03\/Kinderaugen-768x584.jpg 768w, https:\/\/ideen-im-team.de\/wp-content\/uploads\/2022\/03\/Kinderaugen-1536x1168.jpg 1536w, https:\/\/ideen-im-team.de\/wp-content\/uploads\/2022\/03\/Kinderaugen.jpg 1600w\" sizes=\"auto, (max-width: 750px) 100vw, 750px\" \/><\/p>\n<p><img loading=\"lazy\" decoding=\"async\" src=\"http:\/\/ideen-im-team.de\/wp-content\/uploads\/2022\/03\/Ukraine-Collage-1024x1024.jpg\" alt=\"\" class=\"alignnone wp-image-393 size-large\" width=\"750\" height=\"750\" srcset=\"https:\/\/ideen-im-team.de\/wp-content\/uploads\/2022\/03\/Ukraine-Collage-1024x1024.jpg 1024w, https:\/\/ideen-im-team.de\/wp-content\/uploads\/2022\/03\/Ukraine-Collage-300x300.jpg 300w, https:\/\/ideen-im-team.de\/wp-content\/uploads\/2022\/03\/Ukraine-Collage-150x150.jpg 150w, https:\/\/ideen-im-team.de\/wp-content\/uploads\/2022\/03\/Ukraine-Collage-768x768.jpg 768w, https:\/\/ideen-im-team.de\/wp-content\/uploads\/2022\/03\/Ukraine-Collage-1536x1536.jpg 1536w, https:\/\/ideen-im-team.de\/wp-content\/uploads\/2022\/03\/Ukraine-Collage.jpg 2048w\" sizes=\"auto, (max-width: 750px) 100vw, 750px\" \/><\/p>\n<p><span style=\"color: #000000;\"><strong>F\u00fcr jedes Bild spendet Ideen-im-Team 30 Cent an eine Hilfsorganisation, die Kinder und ihre Familien in der Ukraine unterst\u00fctzen. Sollten wir es schaffen, 1001 Bilder zu erhalten, verdoppeln wir den Spendenbetrag!<\/strong><\/span><\/p>\n<p><span style=\"color: #000000;\"><strong><u>Macht BITTE mit und setzt ein Zeichen gegen Krieg!!!<\/u><\/strong><\/span><\/p>\n<p>&nbsp;<\/p>\n<p><span><strong><span style=\"color: #000000;\">Aktuelle NEWS und Bilder \u00fcber unsere Aktion, immer auf Facebook:<\/span> <\/strong><\/span><\/p>\n<p><strong><a href=\"https:\/\/www.facebook.com\/ideen.im.team\">Ideen im Team | Facebook<\/a><\/strong><\/p>\n<p><span style=\"color: #000000;\"><strong>Infos auch hier unter: <\/strong><\/span><a href=\"http:\/\/www.ideen-im-team.de\"><strong>www.ideen-im-team.de<\/strong><\/a><span style=\"color: #000000;\"><strong> oder <\/strong><\/span><\/p>\n<p><span style=\"color: #000000;\"><strong>Kontakt zu mir: <\/strong><\/span><a href=\"mailto:faruk.sueren@ideen-im-team.de\"><strong>faruk.sueren@ideen-im-team.de<\/strong><\/a><\/p>\n<p><span style=\"color: #000000;\"><strong>Liebe Gr\u00fc\u00dfe, Eure <\/strong><\/span><\/p>\n<p><span style=\"color: #000000;\"><strong>Ideen im Team Kids und Faruk S\u00fcren<\/strong><\/span><\/p>\n<p><img loading=\"lazy\" decoding=\"async\" src=\"http:\/\/ideen-im-team.de\/wp-content\/uploads\/2022\/03\/Ideen-im-team-kids-300x79.jpg\" alt=\"\" class=\"size-medium wp-image-386 aligncenter\" width=\"300\" height=\"79\" srcset=\"https:\/\/ideen-im-team.de\/wp-content\/uploads\/2022\/03\/Ideen-im-team-kids-300x79.jpg 300w, https:\/\/ideen-im-team.de\/wp-content\/uploads\/2022\/03\/Ideen-im-team-kids-768x203.jpg 768w, https:\/\/ideen-im-team.de\/wp-content\/uploads\/2022\/03\/Ideen-im-team-kids.jpg 887w\" sizes=\"auto, (max-width: 300px) 100vw, 300px\" \/><\/p>\n","protected":false},"excerpt":{"rendered":"<p>Hallo Freunde, wir ALLE sehen gerade, welches Unrecht in der Ukraine passiert. Wenn Kinder leiden und vor dem B\u00f6sen fl\u00fcchten m\u00fcssen, m\u00f6chten und werden wir von Ideen-im-Team nicht wegsehen, sondern wie immer in Rahmen unserer M\u00f6glichkeiten versuchen zu helfen. Wie ihr alle wisst, haben wir nur begrenzte M\u00f6glichkeiten, die aber<a class=\"moretag\" href=\"https:\/\/ideen-im-team.de\/?page_id=380\"> Weiterlesen<\/a><\/p>\n","protected":false},"author":1,"featured_media":0,"parent":0,"menu_order":0,"comment_status":"closed","ping_status":"closed","template":"","meta":{"footnotes":""},"class_list":["post-380","page","type-page","status-publish","hentry"],"_links":{"self":[{"href":"https:\/\/ideen-im-team.de\/index.php?rest_route=\/wp\/v2\/pages\/380","targetHints":{"allow":["GET"]}}],"collection":[{"href":"https:\/\/ideen-im-team.de\/index.php?rest_route=\/wp\/v2\/pages"}],"about":[{"href":"https:\/\/ideen-im-team.de\/index.php?rest_route=\/wp\/v2\/types\/page"}],"author":[{"embeddable":true,"href":"https:\/\/ideen-im-team.de\/index.php?rest_route=\/wp\/v2\/users\/1"}],"replies":[{"embeddable":true,"href":"https:\/\/ideen-im-team.de\/index.php?rest_route=%2Fwp%2Fv2%2Fcomments&post=380"}],"version-history":[{"count":9,"href":"https:\/\/ideen-im-team.de\/index.php?rest_route=\/wp\/v2\/pages\/380\/revisions"}],"predecessor-version":[{"id":396,"href":"https:\/\/ideen-im-team.de\/index.php?rest_route=\/wp\/v2\/pages\/380\/revisions\/396"}],"wp:attachment":[{"href":"https:\/\/ideen-im-team.de\/index.php?rest_route=%2Fwp%2Fv2%2Fmedia&parent=380"}],"curies":[{"name":"wp","href":"https:\/\/api.w.org\/{rel}","templated":true}]}}