{"id":509,"date":"2023-07-24T12:26:25","date_gmt":"2023-07-24T12:26:25","guid":{"rendered":"http:\/\/ideen-im-team.de\/?page_id=509"},"modified":"2023-07-24T12:49:19","modified_gmt":"2023-07-24T12:49:19","slug":"rekord-institut","status":"publish","type":"page","link":"https:\/\/ideen-im-team.de\/?page_id=509","title":{"rendered":"Rekord-Institut f\u00fcr Deutschland"},"content":{"rendered":"<p><strong><span style=\"color: #000000;\">Videos:<\/span><\/strong><\/p>\n<p><span style=\"color: #000000;\">Hier stellen wir unsere &#8222;Beweisvideos&#8220; f\u00fcr unsere Rekordversuche zur Verf\u00fcgung. Die Dateigr\u00f6\u00dfen \u00fcbersteigen die M\u00f6glichkeit, die Videos per Mail zu verschicken. Daher sind sie an dieser Stelle hochgelanden und so verf\u00fcgbar.<\/span><\/p>\n<p><span style=\"color: #000000;\">Gute Unterhaltung mit unseren Ideen-im-Team &#8230; <\/span><\/p>\n<p><span style=\"color: #000000;\"><strong>Computerl\u00fcfter<\/strong><\/span><\/p>\n<div style=\"width: 480px;\" class=\"wp-video\"><video class=\"wp-video-shortcode\" id=\"video-509-1\" width=\"480\" height=\"864\" preload=\"auto\" controls=\"controls\"><source type=\"video\/mp4\" src=\"http:\/\/ideen-im-team.de\/wp-content\/uploads\/2023\/07\/Faruk.Sueren-Ideen-im-Team.mp4?_=1\" \/><a href=\"http:\/\/ideen-im-team.de\/wp-content\/uploads\/2023\/07\/Faruk.Sueren-Ideen-im-Team.mp4\">http:\/\/ideen-im-team.de\/wp-content\/uploads\/2023\/07\/Faruk.Sueren-Ideen-im-Team.mp4<\/a><\/video><\/div>\n","protected":false},"excerpt":{"rendered":"<p>Videos: Hier stellen wir unsere &#8222;Beweisvideos&#8220; f\u00fcr unsere Rekordversuche zur Verf\u00fcgung. Die Dateigr\u00f6\u00dfen \u00fcbersteigen die M\u00f6glichkeit, die Videos per Mail zu verschicken. Daher sind sie an dieser Stelle hochgelanden und so verf\u00fcgbar. Gute Unterhaltung mit unseren Ideen-im-Team &#8230; Computerl\u00fcfter<\/p>\n","protected":false},"author":1,"featured_media":0,"parent":0,"menu_order":0,"comment_status":"closed","ping_status":"closed","template":"","meta":{"footnotes":""},"class_list":["post-509","page","type-page","status-publish","hentry"],"_links":{"self":[{"href":"https:\/\/ideen-im-team.de\/index.php?rest_route=\/wp\/v2\/pages\/509","targetHints":{"allow":["GET"]}}],"collection":[{"href":"https:\/\/ideen-im-team.de\/index.php?rest_route=\/wp\/v2\/pages"}],"about":[{"href":"https:\/\/ideen-im-team.de\/index.php?rest_route=\/wp\/v2\/types\/page"}],"author":[{"embeddable":true,"href":"https:\/\/ideen-im-team.de\/index.php?rest_route=\/wp\/v2\/users\/1"}],"replies":[{"embeddable":true,"href":"https:\/\/ideen-im-team.de\/index.php?rest_route=%2Fwp%2Fv2%2Fcomments&post=509"}],"version-history":[{"count":4,"href":"https:\/\/ideen-im-team.de\/index.php?rest_route=\/wp\/v2\/pages\/509\/revisions"}],"predecessor-version":[{"id":514,"href":"https:\/\/ideen-im-team.de\/index.php?rest_route=\/wp\/v2\/pages\/509\/revisions\/514"}],"wp:attachment":[{"href":"https:\/\/ideen-im-team.de\/index.php?rest_route=%2Fwp%2Fv2%2Fmedia&parent=509"}],"curies":[{"name":"wp","href":"https:\/\/api.w.org\/{rel}","templated":true}]}}